
{"id":150,"date":"2014-06-03T13:35:17","date_gmt":"2014-06-03T13:35:17","guid":{"rendered":"http:\/\/vip-sounds.de\/2014\/?page_id=150"},"modified":"2014-06-03T13:39:15","modified_gmt":"2014-06-03T13:39:15","slug":"dj-service","status":"publish","type":"page","link":"https:\/\/vip-sounds.de\/2014\/dj-service\/","title":{"rendered":"DJ Service"},"content":{"rendered":"<p class=\"p1\">Sie suchen erg\u00e4nzend zu den Very Important Players einen DJ zur Musikalischen Untermalung oder f\u00fcr Ihre Afterparty ?? Wir finden genau den richtigen Dj f\u00fcr sie !<\/p>\n<p class=\"p1\">Egal ob eine Unternehmensfeier, Hochzeitsparty, eine Clubparty oder ein Geburtstag, wir bieten f\u00fcr all diese Anl\u00e4sse den passenden musikalischen Rahmen.<\/p>\n<p class=\"p1\">Unsere DJ\u2019s sind in allen namenhaften Clubs der Welt zu Hause und absolute Profis.<\/p>\n<p class=\"p1\">Was unsere Dj`s auszeichnet\u2026\u2026.<\/p>\n<p class=\"p1\">Sie haben ein ausgepr\u00e4gtes Gesp\u00fcr f\u00fcr das Publikum, ein H\u00e4ndchen f\u00fcr die passende Lautst\u00e4rke, Klasse, Stil und Niveau.<\/p>\n","protected":false},"excerpt":{"rendered":"<p>Sie suchen erg\u00e4nzend zu den Very Important Players einen DJ zur Musikalischen Untermalung oder f\u00fcr Ihre Afterparty ?? Wir finden genau den richtigen Dj f\u00fcr sie ! Egal ob eine Unternehmensfeier, Hochzeitsparty, eine Clubparty oder ein Geburtstag, wir bieten f\u00fcr all diese Anl\u00e4sse den passenden musikalischen Rahmen. Unsere DJ\u2019s sind in allen namenhaften Clubs der&hellip;<\/p>\n","protected":false},"author":1,"featured_media":0,"parent":0,"menu_order":0,"comment_status":"open","ping_status":"closed","template":"template.page.fullwidth.php","meta":[],"_links":{"self":[{"href":"https:\/\/vip-sounds.de\/2014\/wp-json\/wp\/v2\/pages\/150"}],"collection":[{"href":"https:\/\/vip-sounds.de\/2014\/wp-json\/wp\/v2\/pages"}],"about":[{"href":"https:\/\/vip-sounds.de\/2014\/wp-json\/wp\/v2\/types\/page"}],"author":[{"embeddable":true,"href":"https:\/\/vip-sounds.de\/2014\/wp-json\/wp\/v2\/users\/1"}],"replies":[{"embeddable":true,"href":"https:\/\/vip-sounds.de\/2014\/wp-json\/wp\/v2\/comments?post=150"}],"version-history":[{"count":1,"href":"https:\/\/vip-sounds.de\/2014\/wp-json\/wp\/v2\/pages\/150\/revisions"}],"predecessor-version":[{"id":151,"href":"https:\/\/vip-sounds.de\/2014\/wp-json\/wp\/v2\/pages\/150\/revisions\/151"}],"wp:attachment":[{"href":"https:\/\/vip-sounds.de\/2014\/wp-json\/wp\/v2\/media?parent=150"}],"curies":[{"name":"wp","href":"https:\/\/api.w.org\/{rel}","templated":true}]}}