
{"id":152,"date":"2014-06-03T13:36:48","date_gmt":"2014-06-03T13:36:48","guid":{"rendered":"http:\/\/vip-sounds.de\/2014\/?page_id=152"},"modified":"2014-06-06T14:03:34","modified_gmt":"2014-06-06T14:03:34","slug":"eventtechnik","status":"publish","type":"page","link":"https:\/\/vip-sounds.de\/2014\/eventtechnik\/","title":{"rendered":"Eventtechnik"},"content":{"rendered":"<h2>Beschallung<\/h2>\n<p style=\"text-align: center;\"><em>\u00bbEin einziger feiner Klang ist besser als langes Gerede.\u00ab (Joseph Joubert)<\/em><\/p>\n<p>Die Beschallung f\u00fcr die verschiedensten Bereiche bedarf der gr\u00fcndlichen Planung. Die Gr\u00f6\u00dfe der zu liefernden Systeme h\u00e4ngt von deren Aufgabe ab. Wir besichtigen jeden Veranstaltungsort vorab und kl\u00e4ren die technischen Voraussetzungen vor Ort. Die technischen Anforderungen setzen wir auch bei au\u00dfergew\u00f6hnlichen Anfragen in die Realit\u00e4t um. Unsere Toningenieure k\u00fcmmern sich um den guten Ton und sorgen f\u00fcr den optimalen Klang.<\/p>\n<h2><\/h2>\n<h2>Lichtdesign<\/h2>\n<p>Das Licht \u00fcberliefert das Sichtbare dem Auge; das Auge \u00fcberliefert\u2019s dem ganzen Menschen.\u00ab (Johann Wolfgang von Goethe)<br \/>\nGef\u00fchle werden zu 80% \u00fcber das Licht und die Farben beeinflusst.\u2028Die gesamte Lichtkonzeption Ihrer Veranstaltung planen und realisieren wir in enger Absprache mit Ihnen. Unsere langj\u00e4hrige Erfahrung wird Sie inspirieren und Wege aufzeigen, wie wir Stimmungen erzeugen k\u00f6nnen, ohne dass der technische Aspekt im Vordergrund steht. Unser Warenbestand an Lichttechnik wird st\u00e4ndig aktualisiert, so dass wir modernstes, stets gewartetes und gepflegtes Material anbieten k\u00f6nnen.<\/p>\n<h2><\/h2>\n<h2>B\u00fchne<\/h2>\n<p>Ob ein kleines Stadtfest, ein gro\u00dfes open-air oder eine Gala in einem Hotel \u2013 wir gestalten Ihre B\u00fchne. Bei der Umsetzung ihrer Ideen stehen wir Ihnen mit Rat und Tat zur Seite. Auch unkonventionelle Aufbauten k\u00f6nnen wir problemlos realisieren. Ein Team freier Mitarbeiter k\u00fcmmert sich kundenorientiert und kreativ um die Dekoration.<\/p>\n","protected":false},"excerpt":{"rendered":"<p>Beschallung \u00bbEin einziger feiner Klang ist besser als langes Gerede.\u00ab (Joseph Joubert) Die Beschallung f\u00fcr die verschiedensten Bereiche bedarf der gr\u00fcndlichen Planung. Die Gr\u00f6\u00dfe der zu liefernden Systeme h\u00e4ngt von deren Aufgabe ab. Wir besichtigen jeden Veranstaltungsort vorab und kl\u00e4ren die technischen Voraussetzungen vor Ort. Die technischen Anforderungen setzen wir auch bei au\u00dfergew\u00f6hnlichen Anfragen in&hellip;<\/p>\n","protected":false},"author":1,"featured_media":0,"parent":0,"menu_order":0,"comment_status":"open","ping_status":"closed","template":"template.page.fullwidth.php","meta":[],"_links":{"self":[{"href":"https:\/\/vip-sounds.de\/2014\/wp-json\/wp\/v2\/pages\/152"}],"collection":[{"href":"https:\/\/vip-sounds.de\/2014\/wp-json\/wp\/v2\/pages"}],"about":[{"href":"https:\/\/vip-sounds.de\/2014\/wp-json\/wp\/v2\/types\/page"}],"author":[{"embeddable":true,"href":"https:\/\/vip-sounds.de\/2014\/wp-json\/wp\/v2\/users\/1"}],"replies":[{"embeddable":true,"href":"https:\/\/vip-sounds.de\/2014\/wp-json\/wp\/v2\/comments?post=152"}],"version-history":[{"count":4,"href":"https:\/\/vip-sounds.de\/2014\/wp-json\/wp\/v2\/pages\/152\/revisions"}],"predecessor-version":[{"id":208,"href":"https:\/\/vip-sounds.de\/2014\/wp-json\/wp\/v2\/pages\/152\/revisions\/208"}],"wp:attachment":[{"href":"https:\/\/vip-sounds.de\/2014\/wp-json\/wp\/v2\/media?parent=152"}],"curies":[{"name":"wp","href":"https:\/\/api.w.org\/{rel}","templated":true}]}}