
{"id":18,"date":"2014-05-28T10:01:32","date_gmt":"2014-05-28T10:01:32","guid":{"rendered":"http:\/\/vip-sounds.de\/2014\/?page_id=18"},"modified":"2014-05-28T13:31:31","modified_gmt":"2014-05-28T13:31:31","slug":"the-band","status":"publish","type":"page","link":"https:\/\/vip-sounds.de\/2014\/the-band\/","title":{"rendered":"The Band"},"content":{"rendered":"<p>7 Profi-Musiker aus der Berliner Musikszene haben sich \u0131n der Formation \u201eVery Important Players\u201c (kurz VIP) zusammengefunden, um Ihnen mit Leidenschaft und Power ein unvergessliches Entertainment-Erlebnis zu bieten. Die Musiker der Band sind seit vielen Jahren auf den gr\u00f6ssten B\u00fchnen der Welt zu Hause und arbeiteten mit Superstars wie: Wyclef Jean, Kelly Rowland (Destinys Child), Barbara Sch\u00f6neberger, Candy Dulfer, No Angles, Weather Girls u.v.m.<\/p>\n<p>VIP pr\u00e4sentiert Entertainment vom feinsten in einer erstklassigen Show. Ganz nach Ihren W\u00fcnschen kann die Besetzung der Band um weitere S\u00e4nger, Rapper, Bl\u00e4ser (Sax,Trompete,Posaune), Percussionisten, T\u00e4nzer etc. erweitert werden. Nahezu jede Musik ist umsetzbar.<\/p>\n<p>Dance Hits aus vier Jahrzehnten in Kombination mit einer spektakul\u00e4ren Lightshow garantieren vibrierende Tanzfl\u00e4chen mit Musik, die in die Beine geht- f\u00fcr jede Party und jeden Geschmack!<\/p>\n<p>&nbsp;<\/p>\n","protected":false},"excerpt":{"rendered":"<p>7 Profi-Musiker aus der Berliner Musikszene haben sich \u0131n der Formation \u201eVery Important Players\u201c (kurz VIP) zusammengefunden, um Ihnen mit Leidenschaft und Power ein unvergessliches Entertainment-Erlebnis zu bieten. Die Musiker der Band sind seit vielen Jahren auf den gr\u00f6ssten B\u00fchnen der Welt zu Hause und arbeiteten mit Superstars wie: Wyclef Jean, Kelly Rowland (Destinys Child),&hellip;<\/p>\n","protected":false},"author":1,"featured_media":0,"parent":0,"menu_order":0,"comment_status":"open","ping_status":"open","template":"template.page.fullwidth.php","meta":[],"_links":{"self":[{"href":"https:\/\/vip-sounds.de\/2014\/wp-json\/wp\/v2\/pages\/18"}],"collection":[{"href":"https:\/\/vip-sounds.de\/2014\/wp-json\/wp\/v2\/pages"}],"about":[{"href":"https:\/\/vip-sounds.de\/2014\/wp-json\/wp\/v2\/types\/page"}],"author":[{"embeddable":true,"href":"https:\/\/vip-sounds.de\/2014\/wp-json\/wp\/v2\/users\/1"}],"replies":[{"embeddable":true,"href":"https:\/\/vip-sounds.de\/2014\/wp-json\/wp\/v2\/comments?post=18"}],"version-history":[{"count":3,"href":"https:\/\/vip-sounds.de\/2014\/wp-json\/wp\/v2\/pages\/18\/revisions"}],"predecessor-version":[{"id":48,"href":"https:\/\/vip-sounds.de\/2014\/wp-json\/wp\/v2\/pages\/18\/revisions\/48"}],"wp:attachment":[{"href":"https:\/\/vip-sounds.de\/2014\/wp-json\/wp\/v2\/media?parent=18"}],"curies":[{"name":"wp","href":"https:\/\/api.w.org\/{rel}","templated":true}]}}